{"id":2463,"date":"2021-08-29T13:32:51","date_gmt":"2021-08-29T13:32:51","guid":{"rendered":"https:\/\/www.weshyft.com\/?page_id=2463"},"modified":"2024-06-16T11:52:22","modified_gmt":"2024-06-16T11:52:22","slug":"nachhaltigkeit-bei-weshyft","status":"publish","type":"page","link":"https:\/\/www.weshyft.com\/en\/nachhaltigkeit-bei-weshyft\/","title":{"rendered":"Sustainability at WeShyft"},"content":{"rendered":"<div data-elementor-type=\"wp-page\" data-elementor-id=\"2463\" class=\"elementor elementor-2463\" data-elementor-post-type=\"page\">\n\t\t\t\t<div class=\"elementor-element elementor-element-859ff4b e-flex e-con-boxed e-con e-parent\" data-id=\"859ff4b\" data-element_type=\"container\" data-settings=\"{&quot;background_background&quot;:&quot;classic&quot;,&quot;jet_parallax_layout_list&quot;:[]}\">\n\t\t\t\t\t<div class=\"e-con-inner\">\n\t\t<div class=\"elementor-element elementor-element-84d2b18 e-flex e-con-boxed e-con e-child\" data-id=\"84d2b18\" data-element_type=\"container\" data-settings=\"{&quot;jet_parallax_layout_list&quot;:[],&quot;background_background&quot;:&quot;classic&quot;}\">\n\t\t\t\t\t<div class=\"e-con-inner\">\n\t\t<div class=\"elementor-element elementor-element-698ad65 e-flex e-con-boxed e-con e-child\" data-id=\"698ad65\" data-element_type=\"container\" data-settings=\"{&quot;jet_parallax_layout_list&quot;:[]}\">\n\t\t\t\t\t<div class=\"e-con-inner\">\n\t\t<div class=\"elementor-element elementor-element-dfbcb26 e-flex e-con-boxed e-con e-child\" data-id=\"dfbcb26\" data-element_type=\"container\" data-settings=\"{&quot;jet_parallax_layout_list&quot;:[]}\">\n\t\t\t\t\t<div class=\"e-con-inner\">\n\t\t<div class=\"elementor-element elementor-element-b603200 e-flex e-con-boxed e-con e-child\" data-id=\"b603200\" data-element_type=\"container\" data-settings=\"{&quot;background_background&quot;:&quot;classic&quot;,&quot;jet_parallax_layout_list&quot;:[]}\">\n\t\t\t\t\t<div class=\"e-con-inner\">\n\t\t<div class=\"elementor-element elementor-element-d4745b7 e-flex e-con-boxed e-con e-child\" data-id=\"d4745b7\" data-element_type=\"container\" data-settings=\"{&quot;jet_parallax_layout_list&quot;:[]}\">\n\t\t\t\t\t<div class=\"e-con-inner\">\n\t\t\t\t<div class=\"elementor-element elementor-element-ee30720 animated-fast elementor-invisible elementor-widget elementor-widget-heading\" data-id=\"ee30720\" data-element_type=\"widget\" data-settings=\"{&quot;_animation&quot;:&quot;fadeIn&quot;}\" data-widget_type=\"heading.default\">\n\t\t\t\t<div class=\"elementor-widget-container\">\n\t\t\t<h1 class=\"elementor-heading-title elementor-size-default\">Sustainability at WeShyft<\/h1>\t\t<\/div>\n\t\t\t\t<\/div>\n\t\t\t\t\t<\/div>\n\t\t\t\t<\/div>\n\t\t<div class=\"elementor-element elementor-element-5f38041 e-flex e-con-boxed e-con e-child\" data-id=\"5f38041\" data-element_type=\"container\" data-settings=\"{&quot;jet_parallax_layout_list&quot;:[]}\">\n\t\t\t\t\t<div class=\"e-con-inner\">\n\t\t\t\t<div class=\"elementor-element elementor-element-2e5092b elementor-widget elementor-widget-image\" data-id=\"2e5092b\" data-element_type=\"widget\" data-widget_type=\"image.default\">\n\t\t\t\t<div class=\"elementor-widget-container\">\n\t\t\t\t\t\t\t\t\t\t\t\t\t<img fetchpriority=\"high\" decoding=\"async\" width=\"800\" height=\"597\" src=\"https:\/\/www.weshyft.com\/wp-content\/uploads\/2024\/05\/quotes.svg\" class=\"attachment-large size-large wp-image-13737\" alt=\"\" \/>\t\t\t\t\t\t\t\t\t\t\t\t\t<\/div>\n\t\t\t\t<\/div>\n\t\t\t\t\t<\/div>\n\t\t\t\t<\/div>\n\t\t\t\t\t<\/div>\n\t\t\t\t<\/div>\n\t\t\t\t\t<\/div>\n\t\t\t\t<\/div>\n\t\t\t\t\t<\/div>\n\t\t\t\t<\/div>\n\t\t\t\t\t<\/div>\n\t\t\t\t<\/div>\n\t\t\t\t\t<\/div>\n\t\t\t\t<\/div>\n\t\t\t\t<section class=\"elementor-section elementor-top-section elementor-element elementor-element-44abb3a0 elementor-section-boxed elementor-section-height-default elementor-section-height-default\" data-id=\"44abb3a0\" data-element_type=\"section\" id=\"postcontent\" data-settings=\"{&quot;background_background&quot;:&quot;gradient&quot;,&quot;jet_parallax_layout_list&quot;:[]}\">\n\t\t\t\t\t\t<div class=\"elementor-container elementor-column-gap-default\">\n\t\t\t\t\t<div class=\"elementor-column elementor-col-50 elementor-top-column elementor-element elementor-element-0a69fa1\" data-id=\"0a69fa1\" data-element_type=\"column\">\n\t\t\t<div class=\"elementor-widget-wrap elementor-element-populated\">\n\t\t\t\t\t\t<div class=\"elementor-element elementor-element-adc40ec elementor-widget elementor-widget-heading\" data-id=\"adc40ec\" data-element_type=\"widget\" data-widget_type=\"heading.default\">\n\t\t\t\t<div class=\"elementor-widget-container\">\n\t\t\t<h2 class=\"elementor-heading-title elementor-size-default\">ENERGY\n<\/h2>\t\t<\/div>\n\t\t\t\t<\/div>\n\t\t\t\t\t<\/div>\n\t\t<\/div>\n\t\t\t\t<div class=\"elementor-column elementor-col-50 elementor-top-column elementor-element elementor-element-29b96548\" data-id=\"29b96548\" data-element_type=\"column\">\n\t\t\t<div class=\"elementor-widget-wrap elementor-element-populated\">\n\t\t\t\t\t\t<div class=\"elementor-element elementor-element-78bd50e2 elementor-widget elementor-widget-text-editor\" data-id=\"78bd50e2\" data-element_type=\"widget\" data-widget_type=\"text-editor.default\">\n\t\t\t\t<div class=\"elementor-widget-container\">\n\t\t\t\t\t\t\t<p><strong style=\"color: var( --e-global-color-text ); font-family: var( --e-global-typography-text-font-family ), Sans-serif; font-size: 1rem;\"><span class=\"notion-enable-hover\" data-token-index=\"0\" data-reactroot=\"\">Web-Hosting: <\/span><\/strong><span style=\"color: var( --e-global-color-text ); font-family: var( --e-global-typography-text-font-family ), Sans-serif; font-weight: var( --e-global-typography-text-font-weight ); font-size: 1rem;\">Our website is hosted via IONOS at 1&amp;1 and is thus powered by 100% renewable energy sources, without certificates (REC). Furthermore, IONOS relies on energy-efficient data centers and pays attention to sustainability in terms of waste disposal. Learn more about IONOS sustainability services <\/span><a class=\"notion-link-token notion-enable-hover\" style=\"font-family: var( --e-global-typography-text-font-family ), Sans-serif; font-weight: var( --e-global-typography-text-font-weight ); background-color: rgba(112, 180, 190, 0.33); font-size: 1rem;\" href=\"https:\/\/www.ionos.de\/umwelt\" target=\"_blank\" rel=\"noopener noreferrer\" data-token-index=\"2\" data-reactroot=\"\"><span class=\"link-annotation-unknown-block-id--1146503244\">here.<\/span><\/a><span style=\"color: var( --e-global-color-text ); font-family: var( --e-global-typography-text-font-family ), Sans-serif; font-weight: var( --e-global-typography-text-font-weight ); font-size: 1rem;\">.<\/span><\/p><p><strong>Home-Office<\/strong>: Both in our co-working space (<a href=\"https:\/\/hamburg.impacthub.net\/\">Impact Hub Hamburg<\/a>) as well as in the home office, all team members use green electricity.<span class=\"notion-enable-hover\" data-token-index=\"2\" data-reactroot=\"\">\u00a0<\/span><\/p>\t\t\t\t\t\t<\/div>\n\t\t\t\t<\/div>\n\t\t\t\t\t<\/div>\n\t\t<\/div>\n\t\t\t\t\t<\/div>\n\t\t<\/section>\n\t\t\t\t<section class=\"elementor-section elementor-top-section elementor-element elementor-element-66e9624 elementor-section-boxed elementor-section-height-default elementor-section-height-default\" data-id=\"66e9624\" data-element_type=\"section\" data-settings=\"{&quot;background_background&quot;:&quot;classic&quot;,&quot;jet_parallax_layout_list&quot;:[]}\">\n\t\t\t\t\t\t<div class=\"elementor-container elementor-column-gap-default\">\n\t\t\t\t\t<div class=\"elementor-column elementor-col-50 elementor-top-column elementor-element elementor-element-a6ba288\" data-id=\"a6ba288\" data-element_type=\"column\">\n\t\t\t<div class=\"elementor-widget-wrap elementor-element-populated\">\n\t\t\t\t\t\t<div class=\"elementor-element elementor-element-8c34b49 elementor-widget elementor-widget-heading\" data-id=\"8c34b49\" data-element_type=\"widget\" data-widget_type=\"heading.default\">\n\t\t\t\t<div class=\"elementor-widget-container\">\n\t\t\t<h2 class=\"elementor-heading-title elementor-size-default\">MOBILITY\n<\/h2>\t\t<\/div>\n\t\t\t\t<\/div>\n\t\t\t\t\t<\/div>\n\t\t<\/div>\n\t\t\t\t<div class=\"elementor-column elementor-col-50 elementor-top-column elementor-element elementor-element-a5305b2\" data-id=\"a5305b2\" data-element_type=\"column\">\n\t\t\t<div class=\"elementor-widget-wrap elementor-element-populated\">\n\t\t\t\t\t\t<div class=\"elementor-element elementor-element-59aac61 elementor-widget elementor-widget-text-editor\" data-id=\"59aac61\" data-element_type=\"widget\" data-widget_type=\"text-editor.default\">\n\t\t\t\t<div class=\"elementor-widget-container\">\n\t\t\t\t\t\t\t<p><span class=\"notion-enable-hover\" style=\"color: var( --e-global-color-text ); font-family: var( --e-global-typography-text-font-family ), Sans-serif; font-weight: var( --e-global-typography-text-font-weight ); font-size: 1rem;\" data-token-index=\"0\" data-reactroot=\"\"><strong>Business Travel<\/strong>:<\/span><span style=\"color: var( --e-global-color-text ); font-family: var( --e-global-typography-text-font-family ), Sans-serif; font-weight: var( --e-global-typography-text-font-weight ); font-size: 1rem;\"> Generally, we try to avoid most business trips and hold meetings digitally. However, if we are looking for in-person customer contact, or if we are speaking at an event or are at a trade fair, we prefer using the train.<\/span><\/p><p><span class=\"notion-enable-hover\" data-token-index=\"0\" data-reactroot=\"\"><strong>Commuting<\/strong>:<\/span> We love bikes. In a big city like Hamburg, it's not only the fastest way to get from A to B, but also the easiest option for us. Climate-neutral, sporty and healthy. If we don't ride a bike, we use public transport or sharing services like electric scooters.<\/p>\t\t\t\t\t\t<\/div>\n\t\t\t\t<\/div>\n\t\t\t\t\t<\/div>\n\t\t<\/div>\n\t\t\t\t\t<\/div>\n\t\t<\/section>\n\t\t\t\t<section class=\"elementor-section elementor-top-section elementor-element elementor-element-0c5a1d5 elementor-section-boxed elementor-section-height-default elementor-section-height-default\" data-id=\"0c5a1d5\" data-element_type=\"section\" data-settings=\"{&quot;background_background&quot;:&quot;classic&quot;,&quot;jet_parallax_layout_list&quot;:[]}\">\n\t\t\t\t\t\t<div class=\"elementor-container elementor-column-gap-default\">\n\t\t\t\t\t<div class=\"elementor-column elementor-col-50 elementor-top-column elementor-element elementor-element-9319305\" data-id=\"9319305\" data-element_type=\"column\">\n\t\t\t<div class=\"elementor-widget-wrap elementor-element-populated\">\n\t\t\t\t\t\t<div class=\"elementor-element elementor-element-033e5b3 elementor-widget elementor-widget-heading\" data-id=\"033e5b3\" data-element_type=\"widget\" data-widget_type=\"heading.default\">\n\t\t\t\t<div class=\"elementor-widget-container\">\n\t\t\t<h2 class=\"elementor-heading-title elementor-size-default\">OFFICE\n<\/h2>\t\t<\/div>\n\t\t\t\t<\/div>\n\t\t\t\t\t<\/div>\n\t\t<\/div>\n\t\t\t\t<div class=\"elementor-column elementor-col-50 elementor-top-column elementor-element elementor-element-3260db4\" data-id=\"3260db4\" data-element_type=\"column\">\n\t\t\t<div class=\"elementor-widget-wrap elementor-element-populated\">\n\t\t\t\t\t\t<div class=\"elementor-element elementor-element-dc4575d elementor-widget elementor-widget-text-editor\" data-id=\"dc4575d\" data-element_type=\"widget\" data-widget_type=\"text-editor.default\">\n\t\t\t\t<div class=\"elementor-widget-container\">\n\t\t\t\t\t\t\t<p><span class=\"notion-enable-hover\" style=\"color: var( --e-global-color-text ); font-family: var( --e-global-typography-text-font-family ), Sans-serif; font-weight: var( --e-global-typography-text-font-weight ); font-size: 1rem;\" data-token-index=\"0\" data-reactroot=\"\"><strong>Impact Hub<\/strong>:<\/span><span style=\"color: var( --e-global-color-text ); font-family: var( --e-global-typography-text-font-family ), Sans-serif; font-weight: var( --e-global-typography-text-font-weight ); font-size: 1rem;\"> Unsere B\u00fcror\u00e4ume sind im Impact Hub Hamburg. Der Impact Hub geh\u00f6rt zu einer weltweiten Community aus &#8220;Impact-Driven&#8221; Coworking-Spaces. Sie haben es sich zur Aufgabe gemacht, eine nachhaltige Wirtschaft und Gr\u00fcnderkultur zu f\u00f6rdern. Das Sch\u00f6ne und auch Bequeme an diesem Arbeitsplatz ist: alle b\u00fcrospezifischen Nachhaltigkeitsaspekte (z.B. Getr\u00e4nke, Klopapier, \u00d6kostrom, M\u00f6bel, IT-Equipment, M\u00fcll etc.) unterliegen einem konsequenten Nachhaltigkeitsanspruch. Sind wir mal nicht im Impact Hub, arbeiten wir von zuhause aus, wo wir ebenfalls auf Dinge wie \u00d6kostrom achten.<\/span><\/p>\t\t\t\t\t\t<\/div>\n\t\t\t\t<\/div>\n\t\t\t\t\t<\/div>\n\t\t<\/div>\n\t\t\t\t\t<\/div>\n\t\t<\/section>\n\t\t\t\t<section class=\"elementor-section elementor-top-section elementor-element elementor-element-ca07749 elementor-section-boxed elementor-section-height-default elementor-section-height-default\" data-id=\"ca07749\" data-element_type=\"section\" data-settings=\"{&quot;background_background&quot;:&quot;classic&quot;,&quot;jet_parallax_layout_list&quot;:[]}\">\n\t\t\t\t\t\t<div class=\"elementor-container elementor-column-gap-default\">\n\t\t\t\t\t<div class=\"elementor-column elementor-col-50 elementor-top-column elementor-element elementor-element-d5ef958\" data-id=\"d5ef958\" data-element_type=\"column\">\n\t\t\t<div class=\"elementor-widget-wrap elementor-element-populated\">\n\t\t\t\t\t\t<div class=\"elementor-element elementor-element-466618a elementor-widget elementor-widget-heading\" data-id=\"466618a\" data-element_type=\"widget\" data-widget_type=\"heading.default\">\n\t\t\t\t<div class=\"elementor-widget-container\">\n\t\t\t<h2 class=\"elementor-heading-title elementor-size-default\">IT<\/h2>\t\t<\/div>\n\t\t\t\t<\/div>\n\t\t\t\t\t<\/div>\n\t\t<\/div>\n\t\t\t\t<div class=\"elementor-column elementor-col-50 elementor-top-column elementor-element elementor-element-3ddfa8d\" data-id=\"3ddfa8d\" data-element_type=\"column\">\n\t\t\t<div class=\"elementor-widget-wrap elementor-element-populated\">\n\t\t\t\t\t\t<div class=\"elementor-element elementor-element-da5ce8d elementor-widget elementor-widget-text-editor\" data-id=\"da5ce8d\" data-element_type=\"widget\" data-widget_type=\"text-editor.default\">\n\t\t\t\t<div class=\"elementor-widget-container\">\n\t\t\t\t\t\t\t<p><span style=\"color: var( --e-global-color-text ); font-family: var( --e-global-typography-text-font-family ), Sans-serif; font-weight: var( --e-global-typography-text-font-weight ); font-size: 1rem;\" data-token-index=\"0\" data-reactroot=\"\"><strong>Data privacy<\/strong>:<\/span><span style=\"color: var( --e-global-color-text ); font-family: var( --e-global-typography-text-font-family ), Sans-serif; font-weight: var( --e-global-typography-text-font-weight ); font-size: 1rem;\">\u00a0Responsible handling of data, especially data security and data protection, is a top priority at WeShyft. In addition to certified standards such as\u00a0<\/span><span style=\"color: var( --e-global-color-text ); font-family: var( --e-global-typography-text-font-family ), Sans-serif; font-weight: var( --e-global-typography-text-font-weight ); font-size: 1rem;\">the ISO 27001\u00a0<\/span><span style=\"color: var( --e-global-color-text ); font-family: var( --e-global-typography-text-font-family ), Sans-serif; font-weight: var( --e-global-typography-text-font-weight ); font-size: 1rem;\">we ensure the hosting of our application in Germany and thus naturally also comply with the EU Data Protection Directive.<\/span><\/p>\t\t\t\t\t\t<\/div>\n\t\t\t\t<\/div>\n\t\t\t\t\t<\/div>\n\t\t<\/div>\n\t\t\t\t\t<\/div>\n\t\t<\/section>\n\t\t\t\t<section class=\"elementor-section elementor-top-section elementor-element elementor-element-328b59e elementor-section-boxed elementor-section-height-default elementor-section-height-default\" data-id=\"328b59e\" data-element_type=\"section\" data-settings=\"{&quot;background_background&quot;:&quot;classic&quot;,&quot;jet_parallax_layout_list&quot;:[]}\">\n\t\t\t\t\t\t<div class=\"elementor-container elementor-column-gap-default\">\n\t\t\t\t\t<div class=\"elementor-column elementor-col-50 elementor-top-column elementor-element elementor-element-9a0da4b\" data-id=\"9a0da4b\" data-element_type=\"column\">\n\t\t\t<div class=\"elementor-widget-wrap elementor-element-populated\">\n\t\t\t\t\t\t<div class=\"elementor-element elementor-element-79851f3 elementor-widget elementor-widget-heading\" data-id=\"79851f3\" data-element_type=\"widget\" data-widget_type=\"heading.default\">\n\t\t\t\t<div class=\"elementor-widget-container\">\n\t\t\t<h2 class=\"elementor-heading-title elementor-size-default\">FINANCES\n<\/h2>\t\t<\/div>\n\t\t\t\t<\/div>\n\t\t\t\t\t<\/div>\n\t\t<\/div>\n\t\t\t\t<div class=\"elementor-column elementor-col-50 elementor-top-column elementor-element elementor-element-acfae55\" data-id=\"acfae55\" data-element_type=\"column\">\n\t\t\t<div class=\"elementor-widget-wrap elementor-element-populated\">\n\t\t\t\t\t\t<div class=\"elementor-element elementor-element-7e54a10 elementor-widget elementor-widget-text-editor\" data-id=\"7e54a10\" data-element_type=\"widget\" data-widget_type=\"text-editor.default\">\n\t\t\t\t<div class=\"elementor-widget-container\">\n\t\t\t\t\t\t\t<p><span class=\"notion-enable-hover\" style=\"color: var( --e-global-color-text ); font-family: var( --e-global-typography-text-font-family ), Sans-serif; font-weight: var( --e-global-typography-text-font-weight ); font-size: 1rem;\" data-token-index=\"0\" data-reactroot=\"\"><strong>Bank account<\/strong>: <\/span><span style=\"color: var( --e-global-color-text ); font-family: var( --e-global-typography-text-font-family ), Sans-serif; font-weight: var( --e-global-typography-text-font-weight ); font-size: 1rem;\">We have our bank account at the GLS Bank. GLS Bank uses the money exclusively to finance ecological and social projects. With our deposits we support - how else could it be - projects in the field of sustainable business.\u00a0<\/span><\/p>\t\t\t\t\t\t<\/div>\n\t\t\t\t<\/div>\n\t\t\t\t\t<\/div>\n\t\t<\/div>\n\t\t\t\t\t<\/div>\n\t\t<\/section>\n\t\t\t\t<section class=\"elementor-section elementor-top-section elementor-element elementor-element-c518b09 elementor-section-full_width elementor-section-height-default elementor-section-height-default\" data-id=\"c518b09\" data-element_type=\"section\" data-settings=\"{&quot;background_background&quot;:&quot;classic&quot;,&quot;jet_parallax_layout_list&quot;:[]}\">\n\t\t\t\t\t\t<div class=\"elementor-container elementor-column-gap-default\">\n\t\t\t\t\t<div class=\"elementor-column elementor-col-100 elementor-top-column elementor-element elementor-element-faab8a8\" data-id=\"faab8a8\" data-element_type=\"column\">\n\t\t\t<div class=\"elementor-widget-wrap\">\n\t\t\t\t\t\t\t<\/div>\n\t\t<\/div>\n\t\t\t\t\t<\/div>\n\t\t<\/section>\n\t\t\t\t<\/div>","protected":false},"excerpt":{"rendered":"<p>ENERGIE Web-Hosting: Unsere Webseite ist \u00fcber IONOS bei 1&amp;1 gehostet und wird damit zu 100% aus erneuerbaren Energiequellen, ohne Zertifikate, betrieben. Ferner setzt IONOS auf energieeffiziente Rechenzentren und achtet in Sachen Entsorgung auf Nachhaltigkeit. Mehr zu IONOS Nachhaltigkeitsleistungen hier. Home-Office: Sowohl in unserem Co-Workingspace (Impact Hub Hamburg) als auch im Home-Office beziehen alle Teammitglieder \u00d6kostrom.\u00a0 [&hellip;]<\/p>","protected":false},"author":1,"featured_media":0,"parent":0,"menu_order":0,"comment_status":"closed","ping_status":"closed","template":"","format":[],"meta":{"_seopress_robots_primary_cat":"","_seopress_titles_title":"","_seopress_titles_desc":"","_seopress_robots_index":"","content-type":"","inline_featured_image":false,"editor_plus_copied_stylings":"{}","footnotes":""},"thema":[],"class_list":["post-2463","page","type-page","status-publish","hentry"],"_links":{"self":[{"href":"https:\/\/www.weshyft.com\/en\/wp-json\/wp\/v2\/pages\/2463","targetHints":{"allow":["GET"]}}],"collection":[{"href":"https:\/\/www.weshyft.com\/en\/wp-json\/wp\/v2\/pages"}],"about":[{"href":"https:\/\/www.weshyft.com\/en\/wp-json\/wp\/v2\/types\/page"}],"author":[{"embeddable":true,"href":"https:\/\/www.weshyft.com\/en\/wp-json\/wp\/v2\/users\/1"}],"replies":[{"embeddable":true,"href":"https:\/\/www.weshyft.com\/en\/wp-json\/wp\/v2\/comments?post=2463"}],"version-history":[{"count":88,"href":"https:\/\/www.weshyft.com\/en\/wp-json\/wp\/v2\/pages\/2463\/revisions"}],"predecessor-version":[{"id":14772,"href":"https:\/\/www.weshyft.com\/en\/wp-json\/wp\/v2\/pages\/2463\/revisions\/14772"}],"wp:attachment":[{"href":"https:\/\/www.weshyft.com\/en\/wp-json\/wp\/v2\/media?parent=2463"}],"wp:term":[{"taxonomy":"thema","embeddable":true,"href":"https:\/\/www.weshyft.com\/en\/wp-json\/wp\/v2\/thema?post=2463"},{"taxonomy":"format","embeddable":true,"href":"https:\/\/www.weshyft.com\/en\/wp-json\/wp\/v2\/format?post=2463"}],"curies":[{"name":"wp","href":"https:\/\/api.w.org\/{rel}","templated":true}]}}