{"id":12792,"date":"2023-11-30T08:49:32","date_gmt":"2023-11-30T08:49:32","guid":{"rendered":"https:\/\/www.weshyft.com\/?page_id=12792"},"modified":"2024-10-25T14:02:12","modified_gmt":"2024-10-25T14:02:12","slug":"gratis-praesentation-7-schritte-der-csrd-wesentlichkeitsanalyse","status":"publish","type":"page","link":"https:\/\/www.weshyft.com\/en\/gratis-praesentation-7-schritte-der-csrd-wesentlichkeitsanalyse\/","title":{"rendered":"Gratis Pr\u00e4sentation: 7 Schritte der CSRD Wesentlichkeitsanalyse"},"content":{"rendered":"<div data-elementor-type=\"wp-page\" data-elementor-id=\"12792\" class=\"elementor elementor-12792\" data-elementor-post-type=\"page\">\n\t\t\t\t<div class=\"elementor-element elementor-element-f598bbe e-flex e-con-boxed e-con e-parent\" data-id=\"f598bbe\" data-element_type=\"container\" data-settings=\"{&quot;jet_parallax_layout_list&quot;:[]}\">\n\t\t\t\t\t<div class=\"e-con-inner\">\n\t\t<div class=\"elementor-element elementor-element-d71ee09 e-flex e-con-boxed e-con e-child\" data-id=\"d71ee09\" data-element_type=\"container\" data-settings=\"{&quot;jet_parallax_layout_list&quot;:[]}\">\n\t\t\t\t\t<div class=\"e-con-inner\">\n\t\t<div class=\"elementor-element elementor-element-ab5f2e2 e-flex e-con-boxed e-con e-child\" data-id=\"ab5f2e2\" data-element_type=\"container\" data-settings=\"{&quot;jet_parallax_layout_list&quot;:[]}\">\n\t\t\t\t\t<div class=\"e-con-inner\">\n\t\t<div class=\"elementor-element elementor-element-654c3c3 e-flex e-con-boxed e-con e-child\" data-id=\"654c3c3\" data-element_type=\"container\" data-settings=\"{&quot;background_background&quot;:&quot;classic&quot;,&quot;jet_parallax_layout_list&quot;:[]}\">\n\t\t\t\t\t<div class=\"e-con-inner\">\n\t\t<div class=\"elementor-element elementor-element-87e1389 e-flex e-con-boxed e-con e-child\" data-id=\"87e1389\" data-element_type=\"container\" data-settings=\"{&quot;jet_parallax_layout_list&quot;:[]}\">\n\t\t\t\t\t<div class=\"e-con-inner\">\n\t\t\t\t<div class=\"elementor-element elementor-element-d8e6e67 elementor-widget elementor-widget-heading\" data-id=\"d8e6e67\" data-element_type=\"widget\" data-widget_type=\"heading.default\">\n\t\t\t\t<div class=\"elementor-widget-container\">\n\t\t\t<h2 class=\"elementor-heading-title elementor-size-default\">Gratis Pr\u00e4sentation: CSRD Wesentlichkeitsanalyse in 6 Schritten<\/h2>\t\t<\/div>\n\t\t\t\t<\/div>\n\t\t\t\t<div class=\"elementor-element elementor-element-db15670 elementor-widget elementor-widget-text-editor\" data-id=\"db15670\" data-element_type=\"widget\" data-widget_type=\"text-editor.default\">\n\t\t\t\t<div class=\"elementor-widget-container\">\n\t\t\t\t\t\t\t<p><span class=\"text-span-7\">Mit dieser Pr\u00e4sentation erhalten Sie eine detaillierte Beschreibung unsere Beratungsprozesses zur Durchf\u00fchrung einer doppelten Wesentlichkeitsanalyse nach CSRD.\u00a0<\/span><\/p>\t\t\t\t\t\t<\/div>\n\t\t\t\t<\/div>\n\t\t\t\t<div class=\"elementor-element elementor-element-a015854 elementor-icon-list--layout-traditional elementor-list-item-link-full_width elementor-widget elementor-widget-icon-list\" data-id=\"a015854\" data-element_type=\"widget\" data-widget_type=\"icon-list.default\">\n\t\t\t\t<div class=\"elementor-widget-container\">\n\t\t\t\t\t<ul class=\"elementor-icon-list-items\">\n\t\t\t\t\t\t\t<li class=\"elementor-icon-list-item\">\n\t\t\t\t\t\t\t\t\t\t\t<span class=\"elementor-icon-list-icon\">\n\t\t\t\t\t\t\t<svg aria-hidden=\"true\" class=\"e-font-icon-svg e-fas-check-circle\" viewbox=\"0 0 512 512\" xmlns=\"http:\/\/www.w3.org\/2000\/svg\"><path d=\"M504 256c0 136.967-111.033 248-248 248S8 392.967 8 256 119.033 8 256 8s248 111.033 248 248zM227.314 387.314l184-184c6.248-6.248 6.248-16.379 0-22.627l-22.627-22.627c-6.248-6.249-16.379-6.249-22.628 0L216 308.118l-70.059-70.059c-6.248-6.248-16.379-6.248-22.628 0l-22.627 22.627c-6.248 6.248-6.248 16.379 0 22.627l104 104c6.249 6.249 16.379 6.249 22.628.001z\"><\/path><\/svg>\t\t\t\t\t\t<\/span>\n\t\t\t\t\t\t\t\t\t\t<span class=\"elementor-icon-list-text\">\u00dcberblick \u00fcber die 6 Schritte unserer Analyse<\/span>\n\t\t\t\t\t\t\t\t\t<\/li>\n\t\t\t\t\t\t\t\t<li class=\"elementor-icon-list-item\">\n\t\t\t\t\t\t\t\t\t\t\t<span class=\"elementor-icon-list-icon\">\n\t\t\t\t\t\t\t<svg aria-hidden=\"true\" class=\"e-font-icon-svg e-fas-check-circle\" viewbox=\"0 0 512 512\" xmlns=\"http:\/\/www.w3.org\/2000\/svg\"><path d=\"M504 256c0 136.967-111.033 248-248 248S8 392.967 8 256 119.033 8 256 8s248 111.033 248 248zM227.314 387.314l184-184c6.248-6.248 6.248-16.379 0-22.627l-22.627-22.627c-6.248-6.249-16.379-6.249-22.628 0L216 308.118l-70.059-70.059c-6.248-6.248-16.379-6.248-22.628 0l-22.627 22.627c-6.248 6.248-6.248 16.379 0 22.627l104 104c6.249 6.249 16.379 6.249 22.628.001z\"><\/path><\/svg>\t\t\t\t\t\t<\/span>\n\t\t\t\t\t\t\t\t\t\t<span class=\"elementor-icon-list-text\">\u00dcberblick \u00fcber alle Unterschritte <\/span>\n\t\t\t\t\t\t\t\t\t<\/li>\n\t\t\t\t\t\t\t\t<li class=\"elementor-icon-list-item\">\n\t\t\t\t\t\t\t\t\t\t\t<span class=\"elementor-icon-list-icon\">\n\t\t\t\t\t\t\t<svg aria-hidden=\"true\" class=\"e-font-icon-svg e-fas-check-circle\" viewbox=\"0 0 512 512\" xmlns=\"http:\/\/www.w3.org\/2000\/svg\"><path d=\"M504 256c0 136.967-111.033 248-248 248S8 392.967 8 256 119.033 8 256 8s248 111.033 248 248zM227.314 387.314l184-184c6.248-6.248 6.248-16.379 0-22.627l-22.627-22.627c-6.248-6.249-16.379-6.249-22.628 0L216 308.118l-70.059-70.059c-6.248-6.248-16.379-6.248-22.628 0l-22.627 22.627c-6.248 6.248-6.248 16.379 0 22.627l104 104c6.249 6.249 16.379 6.249 22.628.001z\"><\/path><\/svg>\t\t\t\t\t\t<\/span>\n\t\t\t\t\t\t\t\t\t\t<span class=\"elementor-icon-list-text\">Detaillierte Beschreibung jedes Schrittes<\/span>\n\t\t\t\t\t\t\t\t\t<\/li>\n\t\t\t\t\t\t<\/ul>\n\t\t\t\t<\/div>\n\t\t\t\t<\/div>\n\t\t\t\t<div class=\"elementor-element elementor-element-fbbd050 elementor-widget elementor-widget-image\" data-id=\"fbbd050\" data-element_type=\"widget\" data-widget_type=\"image.default\">\n\t\t\t\t<div class=\"elementor-widget-container\">\n\t\t\t\t\t\t\t\t\t\t\t\t\t<img fetchpriority=\"high\" decoding=\"async\" width=\"800\" height=\"566\" src=\"https:\/\/www.weshyft.com\/wp-content\/uploads\/2024\/10\/DWA-Prozess-Slide-1024x724.png\" class=\"attachment-large size-large wp-image-16493\" alt=\"\" srcset=\"https:\/\/www.weshyft.com\/wp-content\/uploads\/2024\/10\/DWA-Prozess-Slide-1024x724.png 1024w, https:\/\/www.weshyft.com\/wp-content\/uploads\/2024\/10\/DWA-Prozess-Slide-300x212.png 300w, https:\/\/www.weshyft.com\/wp-content\/uploads\/2024\/10\/DWA-Prozess-Slide-768x543.png 768w, https:\/\/www.weshyft.com\/wp-content\/uploads\/2024\/10\/DWA-Prozess-Slide-1536x1086.png 1536w, https:\/\/www.weshyft.com\/wp-content\/uploads\/2024\/10\/DWA-Prozess-Slide-2048x1448.png 2048w, https:\/\/www.weshyft.com\/wp-content\/uploads\/2024\/10\/DWA-Prozess-Slide-18x12.png 18w\" sizes=\"(max-width: 800px) 100vw, 800px\" \/>\t\t\t\t\t\t\t\t\t\t\t\t\t<\/div>\n\t\t\t\t<\/div>\n\t\t\t\t\t<\/div>\n\t\t\t\t<\/div>\n\t\t<div class=\"elementor-element elementor-element-d53cb91 e-flex e-con-boxed e-con e-child\" data-id=\"d53cb91\" data-element_type=\"container\" data-settings=\"{&quot;jet_parallax_layout_list&quot;:[]}\">\n\t\t\t\t\t<div class=\"e-con-inner\">\n\t\t<div class=\"elementor-element elementor-element-1978686 e-flex e-con-boxed e-con e-child\" data-id=\"1978686\" data-element_type=\"container\" data-settings=\"{&quot;background_background&quot;:&quot;classic&quot;,&quot;jet_parallax_layout_list&quot;:[]}\">\n\t\t\t\t\t<div class=\"e-con-inner\">\n\t\t\t\t<div class=\"elementor-element elementor-element-e199385 elementor-widget elementor-widget-html\" data-id=\"e199385\" data-element_type=\"widget\" data-widget_type=\"html.default\">\n\t\t\t\t<div class=\"elementor-widget-container\">\n\t\t\t<script charset=\"utf-8\" type=\"text\/javascript\" src=\"\/\/js.hsforms.net\/forms\/embed\/v2.js\"><\/script>\n<script>\n  hbspt.forms.create({\n    region: \"na1\",\n    portalId: \"19825994\",\n    formId: \"128c81c5-0659-456f-89b2-a3669d422cda\"\n  });\n<\/script>\t\t<\/div>\n\t\t\t\t<\/div>\n\t\t\t\t\t<\/div>\n\t\t\t\t<\/div>\n\t\t\t\t\t<\/div>\n\t\t\t\t<\/div>\n\t\t\t\t\t<\/div>\n\t\t\t\t<\/div>\n\t\t\t\t\t<\/div>\n\t\t\t\t<\/div>\n\t\t\t\t\t<\/div>\n\t\t\t\t<\/div>\n\t\t\t\t\t<\/div>\n\t\t\t\t<\/div>\n\t\t\t\t<\/div>","protected":false},"excerpt":{"rendered":"<p>Gratis Pr\u00e4sentation: CSRD Wesentlichkeitsanalyse in 6 Schritten Mit dieser Pr\u00e4sentation erhalten Sie eine detaillierte Beschreibung unsere Beratungsprozesses zur Durchf\u00fchrung einer doppelten Wesentlichkeitsanalyse nach CSRD.\u00a0 \u00dcberblick \u00fcber die 6 Schritte unserer Analyse \u00dcberblick \u00fcber alle Unterschritte Detaillierte Beschreibung jedes Schrittes<\/p>","protected":false},"author":1,"featured_media":12909,"parent":0,"menu_order":0,"comment_status":"closed","ping_status":"closed","template":"","format":[127],"meta":{"_seopress_robots_primary_cat":"","_seopress_titles_title":"Gratis Pr\u00e4sentation: 7 Schritte der CSRD Wesentlichkeitsanalyse","_seopress_titles_desc":"Lade dir unseren Prozess zur Durchf\u00fchrung einer CSRD-konformen Wesentlichkeitsanalyse als Powerpoint Pr\u00e4sentation herunter.","_seopress_robots_index":"","content-type":"","inline_featured_image":false,"editor_plus_copied_stylings":"{}","footnotes":""},"thema":[132],"class_list":["post-12792","page","type-page","status-publish","has-post-thumbnail","hentry","thema-wesentlichkeit","format-gratis-download"],"_links":{"self":[{"href":"https:\/\/www.weshyft.com\/en\/wp-json\/wp\/v2\/pages\/12792","targetHints":{"allow":["GET"]}}],"collection":[{"href":"https:\/\/www.weshyft.com\/en\/wp-json\/wp\/v2\/pages"}],"about":[{"href":"https:\/\/www.weshyft.com\/en\/wp-json\/wp\/v2\/types\/page"}],"author":[{"embeddable":true,"href":"https:\/\/www.weshyft.com\/en\/wp-json\/wp\/v2\/users\/1"}],"replies":[{"embeddable":true,"href":"https:\/\/www.weshyft.com\/en\/wp-json\/wp\/v2\/comments?post=12792"}],"version-history":[{"count":114,"href":"https:\/\/www.weshyft.com\/en\/wp-json\/wp\/v2\/pages\/12792\/revisions"}],"predecessor-version":[{"id":16497,"href":"https:\/\/www.weshyft.com\/en\/wp-json\/wp\/v2\/pages\/12792\/revisions\/16497"}],"wp:featuredmedia":[{"embeddable":true,"href":"https:\/\/www.weshyft.com\/en\/wp-json\/wp\/v2\/media\/12909"}],"wp:attachment":[{"href":"https:\/\/www.weshyft.com\/en\/wp-json\/wp\/v2\/media?parent=12792"}],"wp:term":[{"taxonomy":"thema","embeddable":true,"href":"https:\/\/www.weshyft.com\/en\/wp-json\/wp\/v2\/thema?post=12792"},{"taxonomy":"format","embeddable":true,"href":"https:\/\/www.weshyft.com\/en\/wp-json\/wp\/v2\/format?post=12792"}],"curies":[{"name":"wp","href":"https:\/\/api.w.org\/{rel}","templated":true}]}}