{"id":10086,"date":"2022-11-15T07:36:33","date_gmt":"2022-11-15T07:36:33","guid":{"rendered":"https:\/\/www.weshyft.com\/?page_id=10086"},"modified":"2024-06-16T11:38:21","modified_gmt":"2024-06-16T11:38:21","slug":"opt-in-lksg-csddd","status":"publish","type":"page","link":"https:\/\/www.weshyft.com\/en\/opt-in-lksg-csddd\/","title":{"rendered":"Gratis Template: LkSG &#038; CSDDD"},"content":{"rendered":"<div data-elementor-type=\"wp-page\" data-elementor-id=\"10086\" class=\"elementor elementor-10086\" data-elementor-post-type=\"page\">\n\t\t\t\t<div class=\"elementor-element elementor-element-0cf3802 e-flex e-con-boxed e-con e-parent\" data-id=\"0cf3802\" data-element_type=\"container\" data-settings=\"{&quot;jet_parallax_layout_list&quot;:[]}\">\n\t\t\t\t\t<div class=\"e-con-inner\">\n\t\t<div class=\"elementor-element elementor-element-35e6e2e e-flex e-con-boxed e-con e-child\" data-id=\"35e6e2e\" data-element_type=\"container\" data-settings=\"{&quot;jet_parallax_layout_list&quot;:[]}\">\n\t\t\t\t\t<div class=\"e-con-inner\">\n\t\t<div class=\"elementor-element elementor-element-b06e3b9 e-flex e-con-boxed e-con e-child\" data-id=\"b06e3b9\" data-element_type=\"container\" data-settings=\"{&quot;jet_parallax_layout_list&quot;:[]}\">\n\t\t\t\t\t<div class=\"e-con-inner\">\n\t\t<div class=\"elementor-element elementor-element-4efa1f9 e-flex e-con-boxed e-con e-child\" data-id=\"4efa1f9\" data-element_type=\"container\" data-settings=\"{&quot;background_background&quot;:&quot;classic&quot;,&quot;jet_parallax_layout_list&quot;:[]}\">\n\t\t\t\t\t<div class=\"e-con-inner\">\n\t\t<div class=\"elementor-element elementor-element-44346f7 e-flex e-con-boxed e-con e-child\" data-id=\"44346f7\" data-element_type=\"container\" data-settings=\"{&quot;jet_parallax_layout_list&quot;:[]}\">\n\t\t\t\t\t<div class=\"e-con-inner\">\n\t\t\t\t<div class=\"elementor-element elementor-element-9029ed3 elementor-widget elementor-widget-heading\" data-id=\"9029ed3\" data-element_type=\"widget\" data-widget_type=\"heading.default\">\n\t\t\t\t<div class=\"elementor-widget-container\">\n\t\t\t<h2 class=\"elementor-heading-title elementor-size-default\">Vergleichsliste LkSG &amp; CSDDD<\/h2>\t\t<\/div>\n\t\t\t\t<\/div>\n\t\t\t\t<div class=\"elementor-element elementor-element-3a9d63d elementor-widget elementor-widget-text-editor\" data-id=\"3a9d63d\" data-element_type=\"widget\" data-widget_type=\"text-editor.default\">\n\t\t\t\t<div class=\"elementor-widget-container\">\n\t\t\t\t\t\t\t<p><span class=\"text-span-7\">Mit dieser Vergleichsliste erhalten Sie eine \u00dcbersicht von Gemeinsamkeiten und Unterschieden zwischen dem deutschen und dem europ\u00e4ischen Lieferkettengesetz. Auch, wenn letzteres erst in einigen Jahren greift sollte man schon heute &#8211; im Rahmen der LkSG Vorbereitungen &#8211; die Anforderungen der europ\u00e4ischen Gesetzgebung mitdenken.<\/span><\/p>\t\t\t\t\t\t<\/div>\n\t\t\t\t<\/div>\n\t\t\t\t<div class=\"elementor-element elementor-element-42644bd elementor-icon-list--layout-traditional elementor-list-item-link-full_width elementor-widget elementor-widget-icon-list\" data-id=\"42644bd\" data-element_type=\"widget\" data-widget_type=\"icon-list.default\">\n\t\t\t\t<div class=\"elementor-widget-container\">\n\t\t\t\t\t<ul class=\"elementor-icon-list-items\">\n\t\t\t\t\t\t\t<li class=\"elementor-icon-list-item\">\n\t\t\t\t\t\t\t\t\t\t\t<span class=\"elementor-icon-list-icon\">\n\t\t\t\t\t\t\t<svg aria-hidden=\"true\" class=\"e-font-icon-svg e-fas-check-circle\" viewbox=\"0 0 512 512\" xmlns=\"http:\/\/www.w3.org\/2000\/svg\"><path d=\"M504 256c0 136.967-111.033 248-248 248S8 392.967 8 256 119.033 8 256 8s248 111.033 248 248zM227.314 387.314l184-184c6.248-6.248 6.248-16.379 0-22.627l-22.627-22.627c-6.248-6.249-16.379-6.249-22.628 0L216 308.118l-70.059-70.059c-6.248-6.248-16.379-6.248-22.628 0l-22.627 22.627c-6.248 6.248-6.248 16.379 0 22.627l104 104c6.249 6.249 16.379 6.249 22.628.001z\"><\/path><\/svg>\t\t\t\t\t\t<\/span>\n\t\t\t\t\t\t\t\t\t\t<span class=\"elementor-icon-list-text\">Kompakter \u00dcberblick (Anforderungen, Scope, Zeitplan etc.) \u00fcber das Lieferkettensorgfaltspflichtengesetz (LkSG)<\/span>\n\t\t\t\t\t\t\t\t\t<\/li>\n\t\t\t\t\t\t\t\t<li class=\"elementor-icon-list-item\">\n\t\t\t\t\t\t\t\t\t\t\t<span class=\"elementor-icon-list-icon\">\n\t\t\t\t\t\t\t<svg aria-hidden=\"true\" class=\"e-font-icon-svg e-fas-check-circle\" viewbox=\"0 0 512 512\" xmlns=\"http:\/\/www.w3.org\/2000\/svg\"><path d=\"M504 256c0 136.967-111.033 248-248 248S8 392.967 8 256 119.033 8 256 8s248 111.033 248 248zM227.314 387.314l184-184c6.248-6.248 6.248-16.379 0-22.627l-22.627-22.627c-6.248-6.249-16.379-6.249-22.628 0L216 308.118l-70.059-70.059c-6.248-6.248-16.379-6.248-22.628 0l-22.627 22.627c-6.248 6.248-6.248 16.379 0 22.627l104 104c6.249 6.249 16.379 6.249 22.628.001z\"><\/path><\/svg>\t\t\t\t\t\t<\/span>\n\t\t\t\t\t\t\t\t\t\t<span class=\"elementor-icon-list-text\">Kompakter \u00dcberblick (Anforderungen, Scope, Zeitplan etc.) \u00fcber die Corporate Sustainability Due Diligence Direcitve (CSDDD)<\/span>\n\t\t\t\t\t\t\t\t\t<\/li>\n\t\t\t\t\t\t\t\t<li class=\"elementor-icon-list-item\">\n\t\t\t\t\t\t\t\t\t\t\t<span class=\"elementor-icon-list-icon\">\n\t\t\t\t\t\t\t<svg aria-hidden=\"true\" class=\"e-font-icon-svg e-fas-check-circle\" viewbox=\"0 0 512 512\" xmlns=\"http:\/\/www.w3.org\/2000\/svg\"><path d=\"M504 256c0 136.967-111.033 248-248 248S8 392.967 8 256 119.033 8 256 8s248 111.033 248 248zM227.314 387.314l184-184c6.248-6.248 6.248-16.379 0-22.627l-22.627-22.627c-6.248-6.249-16.379-6.249-22.628 0L216 308.118l-70.059-70.059c-6.248-6.248-16.379-6.248-22.628 0l-22.627 22.627c-6.248 6.248-6.248 16.379 0 22.627l104 104c6.249 6.249 16.379 6.249 22.628.001z\"><\/path><\/svg>\t\t\t\t\t\t<\/span>\n\t\t\t\t\t\t\t\t\t\t<span class=\"elementor-icon-list-text\">Tabellarischer Vergleich der beiden Gesetzgebung, um Gemeinsamkeiten und Unterschiede zu identifizieren<\/span>\n\t\t\t\t\t\t\t\t\t<\/li>\n\t\t\t\t\t\t<\/ul>\n\t\t\t\t<\/div>\n\t\t\t\t<\/div>\n\t\t\t\t<div class=\"elementor-element elementor-element-0eb2dee elementor-widget elementor-widget-image\" data-id=\"0eb2dee\" data-element_type=\"widget\" data-widget_type=\"image.default\">\n\t\t\t\t<div class=\"elementor-widget-container\">\n\t\t\t\t\t\t\t\t\t\t\t\t\t<img fetchpriority=\"high\" decoding=\"async\" width=\"353\" height=\"621\" src=\"https:\/\/www.weshyft.com\/wp-content\/uploads\/2023\/12\/Fact-Sheet-LkSG-CSDDD.png\" class=\"attachment-large size-large wp-image-12927\" alt=\"Fact Sheet LkSG CSDDD\" srcset=\"https:\/\/www.weshyft.com\/wp-content\/uploads\/2023\/12\/Fact-Sheet-LkSG-CSDDD.png 353w, https:\/\/www.weshyft.com\/wp-content\/uploads\/2023\/12\/Fact-Sheet-LkSG-CSDDD-171x300.png 171w, https:\/\/www.weshyft.com\/wp-content\/uploads\/2023\/12\/Fact-Sheet-LkSG-CSDDD-7x12.png 7w\" sizes=\"(max-width: 353px) 100vw, 353px\" \/>\t\t\t\t\t\t\t\t\t\t\t\t\t<\/div>\n\t\t\t\t<\/div>\n\t\t\t\t\t<\/div>\n\t\t\t\t<\/div>\n\t\t<div class=\"elementor-element elementor-element-c04ba71 e-flex e-con-boxed e-con e-child\" data-id=\"c04ba71\" data-element_type=\"container\" data-settings=\"{&quot;jet_parallax_layout_list&quot;:[]}\">\n\t\t\t\t\t<div class=\"e-con-inner\">\n\t\t<div class=\"elementor-element elementor-element-a59d1ad e-flex e-con-boxed e-con e-child\" data-id=\"a59d1ad\" data-element_type=\"container\" data-settings=\"{&quot;background_background&quot;:&quot;classic&quot;,&quot;jet_parallax_layout_list&quot;:[]}\">\n\t\t\t\t\t<div class=\"e-con-inner\">\n\t\t\t\t<div class=\"elementor-element elementor-element-e58fbf0 elementor-widget elementor-widget-html\" data-id=\"e58fbf0\" data-element_type=\"widget\" data-widget_type=\"html.default\">\n\t\t\t\t<div class=\"elementor-widget-container\">\n\t\t\t<script charset=\"utf-8\" type=\"text\/javascript\" src=\"\/\/js.hsforms.net\/forms\/embed\/v2.js\"><\/script>\n<script>\n  hbspt.forms.create({\n    region: \"na1\",\n    portalId: \"19825994\",\n    formId: \"ac4c88f3-421b-49f5-a0e8-d3ca8891172a\"\n  });\n<\/script>\t\t<\/div>\n\t\t\t\t<\/div>\n\t\t\t\t\t<\/div>\n\t\t\t\t<\/div>\n\t\t\t\t\t<\/div>\n\t\t\t\t<\/div>\n\t\t\t\t\t<\/div>\n\t\t\t\t<\/div>\n\t\t\t\t\t<\/div>\n\t\t\t\t<\/div>\n\t\t\t\t\t<\/div>\n\t\t\t\t<\/div>\n\t\t\t\t\t<\/div>\n\t\t\t\t<\/div>\n\t\t\t\t<\/div>","protected":false},"excerpt":{"rendered":"<p>Vergleichsliste LkSG &amp; CSDDD Mit dieser Vergleichsliste erhalten Sie eine \u00dcbersicht von Gemeinsamkeiten und Unterschieden zwischen dem deutschen und dem europ\u00e4ischen Lieferkettengesetz. Auch, wenn letzteres erst in einigen Jahren greift sollte man schon heute &#8211; im Rahmen der LkSG Vorbereitungen &#8211; die Anforderungen der europ\u00e4ischen Gesetzgebung mitdenken. Kompakter \u00dcberblick (Anforderungen, Scope, Zeitplan etc.) \u00fcber das [&hellip;]<\/p>","protected":false},"author":1,"featured_media":10606,"parent":0,"menu_order":0,"comment_status":"closed","ping_status":"closed","template":"","format":[127],"meta":{"_seopress_robots_primary_cat":"","_seopress_titles_title":"","_seopress_titles_desc":"","_seopress_robots_index":"","content-type":"","inline_featured_image":false,"editor_plus_copied_stylings":"{}","footnotes":""},"thema":[137,128,135],"class_list":["post-10086","page","type-page","status-publish","has-post-thumbnail","hentry","thema-csddd","thema-lieferkette","thema-lksg","format-gratis-download"],"_links":{"self":[{"href":"https:\/\/www.weshyft.com\/en\/wp-json\/wp\/v2\/pages\/10086","targetHints":{"allow":["GET"]}}],"collection":[{"href":"https:\/\/www.weshyft.com\/en\/wp-json\/wp\/v2\/pages"}],"about":[{"href":"https:\/\/www.weshyft.com\/en\/wp-json\/wp\/v2\/types\/page"}],"author":[{"embeddable":true,"href":"https:\/\/www.weshyft.com\/en\/wp-json\/wp\/v2\/users\/1"}],"replies":[{"embeddable":true,"href":"https:\/\/www.weshyft.com\/en\/wp-json\/wp\/v2\/comments?post=10086"}],"version-history":[{"count":85,"href":"https:\/\/www.weshyft.com\/en\/wp-json\/wp\/v2\/pages\/10086\/revisions"}],"predecessor-version":[{"id":14730,"href":"https:\/\/www.weshyft.com\/en\/wp-json\/wp\/v2\/pages\/10086\/revisions\/14730"}],"wp:featuredmedia":[{"embeddable":true,"href":"https:\/\/www.weshyft.com\/en\/wp-json\/wp\/v2\/media\/10606"}],"wp:attachment":[{"href":"https:\/\/www.weshyft.com\/en\/wp-json\/wp\/v2\/media?parent=10086"}],"wp:term":[{"taxonomy":"thema","embeddable":true,"href":"https:\/\/www.weshyft.com\/en\/wp-json\/wp\/v2\/thema?post=10086"},{"taxonomy":"format","embeddable":true,"href":"https:\/\/www.weshyft.com\/en\/wp-json\/wp\/v2\/format?post=10086"}],"curies":[{"name":"wp","href":"https:\/\/api.w.org\/{rel}","templated":true}]}}